{"id":4832,"date":"2025-03-25T10:55:43","date_gmt":"2025-03-25T09:55:43","guid":{"rendered":"https:\/\/ccic.hr\/it\/?page_id=4832"},"modified":"2025-03-25T11:00:22","modified_gmt":"2025-03-25T10:00:22","slug":"protezione-dei-dati-sul-sito-web","status":"publish","type":"page","link":"https:\/\/ccic.hr\/it\/protezione-dei-dati-sul-sito-web\/","title":{"rendered":"Protezione dei dati sul sito web"},"content":{"rendered":"\t\t<div data-elementor-type=\"wp-page\" data-elementor-id=\"4832\" class=\"elementor elementor-4832\" data-elementor-post-type=\"page\">\n\t\t\t\t<div class=\"elementor-element elementor-element-ef5dae4 e-flex e-con-boxed e-con e-parent\" data-id=\"ef5dae4\" data-element_type=\"container\">\n\t\t\t\t\t<div class=\"e-con-inner\">\n\t\t\t\t<div class=\"elementor-element elementor-element-edd4787 elementor-widget elementor-widget-heading\" data-id=\"edd4787\" data-element_type=\"widget\" data-widget_type=\"heading.default\">\n\t\t\t\t<div class=\"elementor-widget-container\">\n\t\t\t\t\t<h2 class=\"elementor-heading-title elementor-size-default\">PROTEZIONE DEI DATI SUL SITO WEB<\/h2>\t\t\t\t<\/div>\n\t\t\t\t<\/div>\n\t\t\t\t\t<\/div>\n\t\t\t\t<\/div>\n\t\t<div class=\"elementor-element elementor-element-c6a29c2 e-flex e-con-boxed e-con e-parent\" data-id=\"c6a29c2\" data-element_type=\"container\">\n\t\t\t\t\t<div class=\"e-con-inner\">\n\t\t\t\t<div class=\"elementor-element elementor-element-9c6c00c elementor-widget elementor-widget-text-editor\" data-id=\"9c6c00c\" data-element_type=\"widget\" data-widget_type=\"text-editor.default\">\n\t\t\t\t<div class=\"elementor-widget-container\">\n\t\t\t\t\t\t\t\t\t<p>Ci fa molto piacere il Tuo interesse nel nostro sito web www.ccic.rla.hr Proteggere la tua privacy \u00e8 estremamente importante per noi. Di seguito sarai informato in dettaglio di come vengono trattati i tuoi dati.<\/p><ol><li>Responsabile per la protezione dei dati personali (UE) 2016\/679 del 27 aprile 2016 (&#8220;il regolamento generale&#8221;) concernente il trattamento dei dati personali e le norme relative alla libera circolazione di dati personali nonch\u00e9 la persona soggetta alla legge sull&#8217;attuazione del regolamento generale sulla protezione dei dati per www.ccic.rla.hr Associazione degli imprenditori italiani in Croazia \/ Udruga talijanskih poduzetnika u Hrvatskoj, Trg bana Josipa Jela\u010di\u0107a 1, 10000 Zagabria (&#8220;AIIC &#8211; UTPUH&#8221;).<\/li><\/ol><p>Se hai le domande, puoi sempre contattare il nostro ufficio amministrativo: per iscritto al seguente indirizzo: ASSOCIAZIONE DEGLI IMPRENDITORI ITALIANI IN CROAZIA \/ UDRUGA TALIJANSKIH PODUZETNIKA U HRVATSKOJ, Trg bana Josipa Jela\u010di\u0107a 1, 10000 Zagabria, al numero di telefono: 00385 91 1114044 via e-mail<strong>:\u00a0<\/strong><strong><a href=\"mailto:info@ccic.rla.hr\">info@ccic.rla.hr<\/a><\/strong><\/p><ol start=\"2\"><li>Trattamento dei dati personali 2.1. Visita il sito 2.1.1. Generale Come parte della tua visita, il sito web www.ccic.rla.hr tratta i seguenti dati per migliorare le prestazioni e la sicurezza dei dati del sito web:<\/li><\/ol><ul><li>Richiesta: l&#8217;indirizzo del nostro sito Web visitato (ad es. Www.ccic.rla.hr\/eventi) \u2022 tipo di browser \/ tipo di versione (ad es. Internet Explorer 11.0) \u2022 lingua del browser (ad es. italiano) \u2022 Sistema operativo (ad es. Windows 10) \u2022 la risoluzione interna della finestra del browser web \u2022 risoluzione \/ risoluzione dello schermo \u2022 attivazione di JavaScript \u2022 Java on \/ off \u2022 cookie on \/ off \u2022 profondit\u00e0 del colore \u2022 L&#8217;indirizzo del sito web che hai visitato poco prima (il cosiddetto indirizzo &#8220;referrer&#8221;) \u2022 Indirizzo IP (anonimo) \u2022 Tempo di accesso \u2022 clic \u2022 Moduli di contenuto (se necessario)<\/li><\/ul><p>L&#8217;indirizzo IP viene trasmesso con ogni richiesta del server inviata, quindi il server sa dove deve essere inviata la risposta. Il provider di servizi Internet (ISP) assegna tutti gli indirizzi IP durante la connessione a Internet. L&#8217;ISP pu\u00f2 rintracciare quale indirizzo IP in qualsiasi momento viene assegnato ai singoli utenti. Finch\u00e9 l&#8217;indirizzo IP memorizzato non viene cancellato, l&#8217;identit\u00e0 dell&#8217;utente finale pu\u00f2 essere raggiunta tramite ISP. Per questo motivo AIIC e il nostro fornitore di servizi di elaborazione dei dati statistici non memorizzano gli indirizzi IP dei visitatori, ma li utilizzano solo per il riconoscimento delle sessioni e per scopi di difesa degli attacchi. Di conseguenza, l&#8217;indirizzo IP viene eliminato subito dopo in modo che i dati raccolti rimangano anonimi e non possano essere identificati dall&#8217;ISP attraverso l&#8217;identit\u00e0 dell&#8217;utente finale.<\/p><p>Inoltre, memorizziamo &#8211; anche per visitare la pagina tramite il link nella e-newsletter \/ newsletter (vedi punto 2.2) &#8211; e accediamo ai dati senza riferimenti personali come: \u2022 il nome del tuo fornitore di servizi Internet \u2022 la pagina da cui hai visitato il nostro sito \u2022 il nome del file richiesto (s) Questi dati sono trattati esclusivamente allo scopo di migliorare le prestazioni del nostro sito web. Le informazioni che riceviamo da te ti aiutano a progettare e migliorare la tua esperienza utente mentre visiti il sito. Se ci hai fornito le tue informazioni personali, le usiamo solo per elaborare e rispondere alle tue richieste e all&#8217;amministrazione tecnica durante il trattamento dei dati.<\/p><ul><li>Base giuridica La base legale per il trattamento dei dati pseudonimi di cui al punto 2.1, (art. 6 pagina 1 f) del Regolamento Generale, sono di interesse legittimo (miglioramento del sito web e dell&#8217;esperienza utente per gli utenti e protezione dei dati). 2.2. Richieste tramite moduli di contatto 2.2.1. generali Per elaborare la richiesta, vengono elaborate le seguenti informazioni:<\/li><\/ul><p>Firma (genere, titolo) Nome (nome e cognome) Indirizzo (via, numero civico, codice postale, luogo, paese) Indirizzo e-mail Numero di telefono Contenuto della richiesta<\/p><p>I campi obbligatori sono contrassegnati *<\/p><p>2.2.2. Base giuridica<\/p><p>La base legale per l&#8217;elaborazione della richiesta come descritto nella sezione 2.2 \u00e8 l&#8217;art. 6, hanno un interesse legittimo (elaborazione e risposta all&#8217;inchiesta e relazione appropriata con la persona di contatto). Se applicabile, l&#8217;inchiesta ai sensi dell&#8217;articolo 6, paragrafo 1, del Regolamento generale pu\u00f2 anche essere intesa come misura precontrattuale o contrattuale. Se non ci hai fornito le informazioni richieste non saremmo in grado di elaborare la tua richiesta.<\/p><p>2.4. Applicazioni aziendali<\/p><p>2.4.1. Concorsi e applicazioni aperti Le seguenti informazioni vengono trattate per elaborare l&#8217;applicazione: Firma (genere, titolo) Nome (nome e cognome) Indirizzo (via, numero civico, codice postale, luogo, paese) Indirizzo e-mail Numero di telefono<\/p><p>Il fatto di avere una patente di guida e il tipo di veicolo che puoi gestire Sei una persona disabile in conformit\u00e0 con la legge sulla riabilitazione professionale e l&#8217;occupazione delle persone con disabilit\u00e0? Dati sulla scolarizzazione e le competenze (scuola o universit\u00e0 completati, qualifica professionale, professione, se sei magistrato di farmacia con un permesso di lavoro autonomo o un tecnico di farmacia con un esame professionale superato, competenze di lingua straniera) Precedenti dati sull&#8217;occupazione (nome del datore di lavoro, posizione lavorativa, durata)<\/p><p>2.4.2. Base giuridica La base legale per l&#8217;elaborazione della richiesta come descritto nella sezione 2.4. \u00e8 arte. 6 (1) f) del Regolamento Generale sono di interesse legittimo (elaborazione e risposta alla domanda di assunzione e contatto corretto con la persona, nonch\u00e9 conservazione delle registrazioni delle domande ricevute per le esigenze future dei dipendenti). Se applicabile, l&#8217;inchiesta ai sensi dell&#8217;articolo 6, paragrafo 1), del regolamento generale pu\u00f2 anche essere intesa come misura precontrattuale o contrattuale. Se non ci hai fornito le informazioni richieste non saremo in grado di elaborare la tua richiesta.<\/p><ol start=\"3\"><li>Strumenti e argomenti per l&#8217;elaborazione dei dati<\/li><\/ol><p>Per il trattamento dei dati personali (cfr. Punto 2) AIIC utilizza i seguenti strumenti a norma dell&#8217;articolo 4, paragrafo 8 del regolamento generale: Uso del software Utilizzo di sistemi IT interni Su Tua richiesta, AIIC sar\u00e0 lieta di fornirti i dettagli di contatto specifici delle entit\u00e0 coinvolte nell&#8217;elaborazione dei dati.<\/p><ol start=\"4\"><li>Utilizzo di cookie \/ strumenti di analisi web 4.1. Cookie tecnici \/ cookie 4.1.1. Generali<\/li><\/ol><p>Il nostro sito web www.ccic.rla.hr utilizza i cosiddetti cookies in diversi posti. I cookie sono piccoli file di testo che possono essere memorizzati sul computer e utilizzati dal browser per scambiare dati con il nostro sistema. Lo scopo dei cookie \u00e8 quello di migliorare il nostro servizio per diventare pi\u00f9 efficaci e pi\u00f9 &#8220;user friendly&#8221;. Ad esempio, le parole specifiche vengono memorizzate in modo da non doverle ripetere pi\u00f9 volte. Il tuo browser ti consente di modificare (limitare) le impostazioni dei cookie, il che pu\u00f2 portare alla limitazione della nostra offerta di servizi. Puoi anche eliminare i cookie precedentemente memorizzati nello stesso posto.<\/p><p>Quando si utilizzano i cookie, contenenti informazioni personali o entrano nella privacy dell&#8217;utente, si richiede in anticipo di attivare il proprio consenso personale utilizzando le notifiche sui cookie nella pagina Web in cui si fornisce il consenso attivo per impostare e utilizzare il cookie dopo l&#8217;avviso di utilizzo del cookie la tua visita al nostro sito. Tramite il collegamento Notifica uso cookie \u00e8 possibile avere maggiori informazioni su ciascun cookie e, attraverso le impostazioni del proprio browser Web, bloccare l&#8217;impostazione e l&#8217;utilizzo di singoli o di tutti i cookie.<\/p><ul><li>cookie di Sessioni<\/li><\/ul><p>I cookie di sessione vengono cancellati al termine di una singola sessione del browser.<\/p><ul><li>cookies a lunga durata<\/li><\/ul><p>Utilizziamo i cookie che rimangono sul tuo disco rigido per un lungo periodo di tempo. La data di scadenza del cookie \u00e8 impostata per una data futura per comodit\u00e0 dell&#8217;utente. Durante le prossime visite al nostro sito Web, si riconoscer\u00e0 automaticamente come il visitatore che aveva gi\u00e0 visitato sito e quali input e impostazioni hai inserito.<\/p><ul><li>Elenco dei cookie<\/li><\/ul><p>L&#8217;elenco contiene i cookie che possono essere inseriti sul nostro sito web. Un elenco completo di cookie non \u00e8 possibile per motivi tecnici:<\/p><p>ultimo clic (fine della sessione, durata: una sessione) [Webtrekk] cookie di sessione (per la scoperta delle sessioni, durata di una sessione) [Webtrekk] ever-cookie (rivela informazioni sui nuovi \/ vecchi clienti, durata: 60 mesi \/ 5 anni) [Webtrekk] Il nostro sito web controlla la visita statistica delle pagine visitate esclusivamente per ottenere le informazioni necessarie sull&#8217;attrattivit\u00e0 e il successo e utilizza un servizio di terze parti chiamato Google Analytics. Informazioni dettagliate di terze parti su questo servizio, cos\u00ec come la capacit\u00e0 dell&#8217;utente di regolare le impostazioni dei cookie che sono richieste, sono disponibili all&#8217;indirizzo:\u00a0<a href=\"http:\/\/www.google.com\/analytics\/learn\/privacy.html\">http:\/\/www.google.com\/analytics\/learn\/privacy.html<\/a>.<\/p><ul><li>Base giuridica<\/li><\/ul><p>La base legale per il trattamento dei dati quando si visita il nostro sito web descritto nella sezione 4 \u00e8 l&#8217;art. 6 pag. 1 f del Regolamento Generale sono di interesse legittimo (miglioramento del sito web e dell&#8217;esperienza utente per gli utenti e protezione dei dati).<\/p><ul><li>Analisi web Webtrekk 4.2.1. generali Il nostro sito web utilizza i cookie per raccogliere dati statistici sull&#8217;uso di www.ccic.rla.hr e per migliorare la offerta e l&#8217;esperienza dell&#8217;utente in conformit\u00e0 con i dati raccolti. Ogni accesso alla pagina Web viene utilizzato per raccogliere e valutare le informazioni di gestione del sito Web, che vengono trasmesse dal browser Internet dell&#8217;utente. La raccolta viene eseguita utilizzando un pixel integrato in ciascuna pagina. I seguenti dati sono raccolti:<\/li><\/ul><p>&#8211; il nome del file scaricato, la zona, la durata media della permanenza nella pagina &#8211; informazioni sull&#8217;uso del browser Internet che l&#8217;utente utilizza &#8211; Informazioni sul sistema operativo utilizzato e sul tipo di dispositivo &#8211; Paese, regione e citt\u00e0 da cui viene visitata la pagina &#8211; la risoluzione dello schermo utilizzato e la profondit\u00e0 del colore &#8211; indirizzo URL di riferimento (precedentemente visitato o e-newsletter) &#8211; Clic su IP e provider di servizi Internet (l&#8217;indirizzo IP \u00e8 anonimo) &#8211; Se necessario, Organizzazione dei visitatori &#8211; Se necessario, Contenuto del modulo (campi di testo liberi, come nomi e password, vengono trasmessi solo &#8220;riempiti&#8221; o &#8220;non compilati&#8221;) Le tue informazioni personali possono anche essere trattati da fornitori di servizi terzi di fiducia.<\/p><p>Affidandoci a terze parti, affidiamo parte dei compiti commerciali che svolgono per nostro conto. Forniamo loro solo le informazioni necessarie per eseguire il servizio del contratto richiedendo che non utilizzino le vostre informazioni personali per altri scopi. Abbiamo preso tutte le misure ragionevoli per determinare che queste terze parti stiano proteggendo le tue informazioni personali. Potremmo affidare i seguenti servizi di elaborazione alle tue informazioni personali: &#8211; soggetti terzi tenuti a consegnare prodotti, ad esempio servizi di posta \/ consegna; &#8211; Terze parti che ci assistono nella fornitura di supporto tecnico come piattaforma o server di hosting, supporto e manutenzione di database, nonch\u00e9 software e applicazioni che possono contenere le tue informazioni (tali servizi a volte implicano l&#8217;accesso ai tuoi dati in modo che tu possa fare il necessario attivit\u00e0);<\/p><ul><li>Base giuridica<\/li><\/ul><p>La base legale per il trattamento dei dati quando si visita il nostro sito web descritto nella sezione 4 \u00e8 l&#8217;art. 6 pag.1 f) del Regolamento Generale sono interessi legittimi (valutazione comportamentale dell&#8217;utente durante la visita al sito e controllo di qualit\u00e0).<\/p><ol start=\"5\"><li>Tempo di archiviazione dei dati<\/li><\/ol><p>Le tue informazioni personali vengono memorizzate, a seconda delle necessit\u00e0, in periodi di tempo diversi in formato personale: Richieste: dopo aver elaborato le richieste, i dati verranno eliminati Concorsi \/ Applicazioni aperte: i tuoi dati verranno archiviati durante la durata della competizione aperta e 12 mesi dopo o fino al ritiro del premio Diritto del lavoro: la cancellazione dei dati viene eseguita dopo la scadenza di due anni, a condizione che non esistano limitazioni legali.<\/p><ol start=\"6\"><li>I tuoi diritti<\/li><\/ol><p>Come soggeto trattato (vedi sezione 2), nel contesto della visita e dell&#8217;utilizzo del sito www.aiic-utpuh.com hai i seguenti diritti:<\/p><p><strong>Diritto all&#8217;informazione<\/strong>\u00a0(articolo 15 del Regolamento generale): hai il diritto di richiedere informazioni sui dati che trattiamo e su come utilizziamo le tue informazioni personali. Inoltre, hai il diritto di ricevere maggiori informazioni sulle specifiche dello scopo di elaborazione, le categorie di dati che elaboriamo, i destinatari o le categorie di destinatari, il tempo di archiviazione dei dati, il diritto di cancellare o correggere i dati personali, il diritto di presentare un reclamo e informazioni sull&#8217;origine dei dati.\u00a0<strong>Diritto alla rettifica<\/strong>\u00a0(Articolo 16 del Regolamento Generale): Hai il diritto di richiedere una correzione immediata delle tue informazioni personali, se i dati sono errati, non validi o incompleti.\u00a0<strong>Diritto di cancellazione<\/strong>\u00a0(articolo 17 del Regolamento generale): hai il diritto di chiedere la cancellazione \/ la dimenticanza dei dati personali.<\/p><p><strong>Diritto alla limitazione del trattamento<\/strong>\u00a0(articolo 18 del Regolamento generale): oltre alle circostanze limitate di cui all&#8217;art. 18. hai il diritto di limitare il trattamento dei dati, il che significa che possiamo archiviare ma non utilizzare e elaborare ulteriormente.\u00a0<strong>Il diritto di trasferire i dati<\/strong>\u00a0(articolo 19 del Regolamento generale): hai il diritto di chiedere a noi le informazioni relative che ci hai messo a disposizione in forma strutturata, convenzionale e leggibile; \u00e8 possibile inviare questi dati ad altri servizi o inoltrarli.\u00a0<strong>Diritto di ricorso<\/strong>\u00a0(articolo 20 del Regolamento generale.): hai il diritto in qualunque momento adun reclamo relativo a come trattiamo le informazioni all&#8217;interno del sito web www.ccic.rla.hr\u00a0<strong>Diritto al recesso<\/strong>\u00a0(articolo 7 del Regolamento generale): l&#8217;utente ha il diritto di revocare una struttura di elaborazione dei dati quando l&#8217;elaborazione dei dati si basa sulla sua privacy.\u00a0<strong>Il diritto di opporsi alla Autorit\u00e0<\/strong>: hai il diritto, in qualsiasi momento presentare una denuncia relativa a come trattiamo le informazioni all&#8217;interno del sito web www.ccic.rla.hr ad organo di controllo per la protezione dei dati &#8211; l&#8217;Agenzia per la protezione dei dati personali (AZOP), via Marti\u0107eva 14 , 10000 Zagabria, www.azop.hr, azop@azop.hr Per ottenere i diritti motivati \u200b\u200bin conformit\u00e0 con i regolamenti sulla protezione dei dati, puoi contattarci via e-mail:\u00a0<strong>dpo@ccic.rla.hr<\/strong><\/p><p>6.1.1. Responsabile della protezione dei dati personali<\/p><p>Per tutti i problemi di protezione dei dati, contattare il responsabile della protezione dei dati al seguente indirizzo e-mail:\u00a0<a href=\"mailto:dpo@ccic.rla.hr\">dpo@ccic.rla.hr<\/a><\/p><ol start=\"7\"><li>L&#8217;obbligo di fornire informazioni personali e le conseguenze \u00e8 negato:<\/li><li>1. Quando si forniscono le informazioni allo scopo di eseguire il nostro rapporto contrattuale, quanto sopra \u00e8 un obbligo contrattuale che \u00e8 necessario per la conclusione del rapporto contrattuale. Quando si conclude un contratto se non si desidera fornire informazioni personali, non sar\u00e0 possibile firmare un contratto.<\/li><\/ol><p>7.2. Quando si forniscono dati per attivit\u00e0 di marketing, questo non \u00e8 un obbligo contrattuale, ma viene assegnato volontariamente con il consenso. Nessuna esistenza del consenso per il trattamento dei dati per scopi di marketing non comporta l&#8217;impossibilit\u00e0 di concludere una relazione contrattuale tra di noi. Tuttavia, in questo caso, non avrai alcuna informazione sui vantaggi che potresti avere per quanto riguarda i nostri prodotti \/ servizi.<\/p><ol start=\"8\"><li>Accesso ad altri siti e social network:<\/li><\/ol><p>8.1. Sul nostro sito troverai collegamenti ad altri siti o portali. Le regole per la protezione dei dati personali su quei portali possono essere diverse dalle regole del nostro sito web. Tali terze parti possono richiedere informazioni personali specifiche per le proprie esigenze. In tal caso, quando invii i tuoi dati personali direttamente a le terze parti o di altri siti, questa Informativa sulla privacy non si applica, pertanto ti consigliamo di informarsi della Informativa sulla privacy prima di utilizzare qualsiasi sito. Non ci assumiamo alcuna responsabilit\u00e0 per loro.<\/p><p>8.2. Sul nostro sito, possiamo anche offrire funzionalit\u00e0 di social networking che ti consentono di condividere le tue informazioni personali sui social network. Pertanto, ti chiediamo di acquisire familiarit\u00e0 con le norme in materia di protezione dei dati personali che si applicano nelle pagine di un altro portale o social network o da una terza parte, perch\u00e9 non assumiamo alcuna responsabilit\u00e0 per qualsiasi scambio di informazioni con loro.<\/p><p><!-- \/wp:paragraph --><\/p>\t\t\t\t\t\t\t\t<\/div>\n\t\t\t\t<\/div>\n\t\t\t\t\t<\/div>\n\t\t\t\t<\/div>\n\t\t\t\t<\/div>\n\t\t","protected":false},"excerpt":{"rendered":"<p>PROTEZIONE DEI DATI SUL SITO WEB Ci fa molto piacere il Tuo interesse nel nostro sito web www.ccic.rla.hr Proteggere la tua privacy \u00e8 estremamente importante per noi. Di seguito sarai informato in dettaglio di come vengono trattati i tuoi dati. Responsabile per la protezione dei dati personali (UE) 2016\/679 del 27 aprile 2016 (&#8220;il regolamento [&hellip;]<\/p>\n","protected":false},"author":7,"featured_media":0,"parent":0,"menu_order":0,"comment_status":"closed","ping_status":"closed","template":"","meta":{"footnotes":""},"class_list":["post-4832","page","type-page","status-publish","hentry"],"_links":{"self":[{"href":"https:\/\/ccic.hr\/it\/wp-json\/wp\/v2\/pages\/4832","targetHints":{"allow":["GET"]}}],"collection":[{"href":"https:\/\/ccic.hr\/it\/wp-json\/wp\/v2\/pages"}],"about":[{"href":"https:\/\/ccic.hr\/it\/wp-json\/wp\/v2\/types\/page"}],"author":[{"embeddable":true,"href":"https:\/\/ccic.hr\/it\/wp-json\/wp\/v2\/users\/7"}],"replies":[{"embeddable":true,"href":"https:\/\/ccic.hr\/it\/wp-json\/wp\/v2\/comments?post=4832"}],"version-history":[{"count":7,"href":"https:\/\/ccic.hr\/it\/wp-json\/wp\/v2\/pages\/4832\/revisions"}],"predecessor-version":[{"id":4840,"href":"https:\/\/ccic.hr\/it\/wp-json\/wp\/v2\/pages\/4832\/revisions\/4840"}],"wp:attachment":[{"href":"https:\/\/ccic.hr\/it\/wp-json\/wp\/v2\/media?parent=4832"}],"curies":[{"name":"wp","href":"https:\/\/api.w.org\/{rel}","templated":true}]}}